{"id":1939,"date":"2025-05-12T17:50:17","date_gmt":"2025-05-12T17:50:17","guid":{"rendered":"https:\/\/smarttrader.pro\/?post_type=product&#038;p=1939"},"modified":"2025-09-19T23:49:25","modified_gmt":"2025-09-19T23:49:25","slug":"libro-5","status":"publish","type":"product","link":"https:\/\/smarttrader.pro\/?product=libro-5","title":{"rendered":"Volumen 5: Manual y workbook para dise\u00f1ar tus propios sistemas de trading de manera profesional."},"content":{"rendered":"<div style=\"margin: 0; display: flex; flex-wrap: wrap; justify-content: space-between; gap: 1rem; font-family: Arial, sans-serif; background-color: #f9f9f9;\">\n<p><!-- 1. Este libro es para traders que desean --><\/p>\n<div style=\"flex: 1 1 32%; background-color: #fff; padding: 2rem; border-radius: 8px; box-shadow: 0 2px 6px rgba(0,0,0,0.1);\">\n<h2 style=\"font-size: 1.8rem; font-weight: bold; color: #1dbbc8; margin-bottom: 1.5rem; text-align: center;\">Este libro es para traders que desean\u2026<\/h2>\n<div style=\"display: flex; flex-direction: column; gap: 1rem;\">\n<div style=\"display: flex; align-items: flex-start; gap: 0.75rem;\">\n<p>\ud83d\udcd6<\/p>\n<p style=\"margin: 0; font-size: 0.95rem; color: #333;\">Reducir la incertidumbre operando con sistemas que tienen reglas claras y objetivas.<\/p>\n<\/div>\n<div style=\"display: flex; align-items: flex-start; gap: 0.75rem;\">\n<p>\ud83d\udcd6<\/p>\n<p style=\"margin: 0; font-size: 0.95rem; color: #333;\">Automatizar su trading para ahorrar tiempo o diversificar con sistemas mec\u00e1nicos.<\/p>\n<\/div>\n<div style=\"display: flex; align-items: flex-start; gap: 0.75rem;\">\n<p>\ud83d\udcd6<\/p>\n<p style=\"margin: 0; font-size: 0.95rem; color: #333;\">Mejorar su consistencia mediante estrategias evaluadas con m\u00e9tricas de rendimiento (KPI\u2019s).<\/p>\n<\/div>\n<div style=\"display: flex; align-items: flex-start; gap: 0.75rem;\">\n<p>\ud83d\udcd6<\/p>\n<p style=\"margin: 0; font-size: 0.95rem; color: #333;\">Gestionar riesgos de cuentas personales o fondeadas con enfoque profesional.<\/p>\n<\/div>\n<div style=\"display: flex; align-items: flex-start; gap: 0.75rem;\">\n<p>\ud83d\udcd6<\/p>\n<p style=\"margin: 0; font-size: 0.95rem; color: #333;\">Construir un portafolio de sistemas para rentabilidad estable y sostenida en el largo plazo.<\/p>\n<\/div>\n<div style=\"display: flex; align-items: flex-start; gap: 0.75rem;\">\n<p style=\"margin: 0; font-size: 0.95rem; color: #333;\">\ud83d\udcd6 Sistematizar sus procesos de planificaci\u00f3n y ejecuci\u00f3n operativa.<\/p>\n<\/div>\n<\/div>\n<\/div>\n<p><!-- 2. \u00bfPor Qu\u00e9 Elegir...? --><\/p>\n<div style=\"flex: 1 1 32%; background-color: #fff; padding: 2rem; border-radius: 8px; box-shadow: 0 2px 6px rgba(0,0,0,0.1);\">\n<h2 style=\"font-size: 1.8rem; font-weight: bold; color: #1dbbc8; margin-bottom: 1.5rem; text-align: center;\">\u00bfPor Qu\u00e9 Elegir Sistemas de Trading?<\/h2>\n<ul style=\"list-style: none; padding: 0; font-size: 0.95rem; color: #555;\">\n<li style=\"margin-bottom: 0.75rem; display: flex; align-items: center; gap: 0.75rem;\"><i class=\"fas fa-check-circle\" style=\"color: #1dbbc8; font-size: 1.2rem;\"><\/i><br \/>\nGu\u00eda estructurada para dise\u00f1ar tus propios sistemas de trading.<\/li>\n<li style=\"margin-bottom: 0.75rem; display: flex; align-items: center; gap: 0.75rem;\"><i class=\"fas fa-check-circle\" style=\"color: #1dbbc8; font-size: 1.2rem;\"><\/i><br \/>\nIncluye un sistema manual completo para aplicar inmediatamente.<\/li>\n<li style=\"margin-bottom: 0.75rem; display: flex; align-items: center; gap: 0.75rem;\"><i class=\"fas fa-check-circle\" style=\"color: #1dbbc8; font-size: 1.2rem;\"><\/i><br \/>\nAprender\u00e1s a mapear y automatizar tus propias estrategias.<\/li>\n<li style=\"margin-bottom: 0.75rem; display: flex; align-items: center; gap: 0.75rem;\"><i class=\"fas fa-check-circle\" style=\"color: #1dbbc8; font-size: 1.2rem;\"><\/i><br \/>\nIncluye gu\u00eda para superar pruebas de fondeo como FTMO o MyForexFunds.<\/li>\n<li style=\"margin-bottom: 0.75rem; display: flex; align-items: center; gap: 0.75rem;\"><i class=\"fas fa-check-circle\" style=\"color: #1dbbc8; font-size: 1.2rem;\"><\/i><br \/>\nContiene material adicional descargable para facilitar tu sistema.<\/li>\n<li style=\"margin-bottom: 0.75rem; display: flex; align-items: center; gap: 0.75rem;\"><i class=\"fas fa-check-circle\" style=\"color: #1dbbc8; font-size: 1.2rem;\"><\/i><br \/>\nAcceso a canal gratuito de Telegram para soporte, setups y proyecciones.<\/li>\n<\/ul>\n<\/div>\n<p><!-- 3. Lo que NO vas a encontrar --><\/p>\n<div style=\"flex: 1 1 32%; background-color: #fff; padding: 2rem; border-radius: 8px; box-shadow: 0 2px 6px rgba(0,0,0,0.1);\">\n<h2 style=\"font-size: 1.8rem; font-weight: bold; color: #1dbbc8; margin-bottom: 1.5rem; text-align: center;\">Lo que NO vas a encontrar en este libro<\/h2>\n<div style=\"display: flex; flex-direction: column; gap: 1rem;\">\n<div style=\"display: flex; align-items: flex-start; gap: 0.75rem;\">\n<p>&nbsp;<\/p>\n<p style=\"margin: 0; font-size: 0.95rem; color: #333;\">\u274cNo encontrar\u00e1s promesas de dinero f\u00e1cil ni f\u00f3rmulas m\u00e1gicas. Aqu\u00ed se ense\u00f1a con fundamentos.<\/p>\n<\/div>\n<div style=\"display: flex; align-items: flex-start; gap: 0.75rem;\">\n<p>&nbsp;<\/p>\n<p style=\"margin: 0; font-size: 0.95rem; color: #333;\">\u274cNo se fomenta el trading emocional ni sin planificaci\u00f3n. Aqu\u00ed todo se sistematiza.<\/p>\n<\/div>\n<div style=\"display: flex; align-items: flex-start; gap: 0.75rem;\">\n<p>&nbsp;<\/p>\n<p style=\"margin: 0; font-size: 0.95rem; color: #333;\">\u274cNo es para quienes ven el trading como un juego. Es para quienes lo toman como una carrera profesional.<\/p>\n<\/div>\n<\/div>\n<\/div>\n<\/div>\n<p><!-- CTA Section --><\/p>\n<div style=\"max-width: 100%; font-family: Arial, sans-serif; background-color: #1dbbc8; color: #000000; padding: 40px 20px; text-align: center; border-radius: 8px;\">\n<h2 style=\"font-size: 2.5rem; font-weight: bold; margin: 0 0 16px; color: #ffffff;\">\u00a1Quiero sistematizar mi trading Hoy!<\/h2>\n<p style=\"font-size: 1.10rem; margin: 0 0 24px; color: #ffffff;\">Obt\u00e9n Sistemas de Trading y construye una base s\u00f3lida y automatizada.<\/p>\n<p><a style=\"background-color: #ffffff; color: #000000; padding: 12px 12px; border-radius: 6px; text-decoration: none; font-weight: bold; display: inline-block;\" href=\"https:\/\/smarttrader.pro\/?product=libro-5\">Compra Ahora por Solo $45<\/a><\/p>\n<p style=\"font-size: 0.975rem; margin: 16px 0 0; opacity: 0.9; color: #ffffff;\">Oferta v\u00e1lida por tiempo limitado. \u00a1No pierdas esta oportunidad!<\/p>\n<\/div>\n","protected":false},"excerpt":{"rendered":"<h4 class=\"elementor-heading-title elementor-size-default\" style=\"color: #2997aa;\">\u00bfEst\u00e1s list@ para llevar tu carrera al siguiente nivel?<\/h4>\n","protected":false},"featured_media":2960,"comment_status":"open","ping_status":"closed","template":"","meta":{"_acf_changed":false,"_uag_custom_page_level_css":""},"product_brand":[],"product_cat":[24],"product_tag":[],"class_list":{"0":"post-1939","1":"product","2":"type-product","3":"status-publish","4":"has-post-thumbnail","6":"product_cat-libros","8":"first","9":"instock","10":"sale","11":"downloadable","12":"shipping-taxable","13":"purchasable","14":"product-type-simple"},"acf":[],"uagb_featured_image_src":{"full":["https:\/\/smarttrader.pro\/wp-content\/uploads\/2025\/05\/3-Pica.png",724,1024,false],"thumbnail":["https:\/\/smarttrader.pro\/wp-content\/uploads\/2025\/05\/3-Pica.png",106,150,false],"medium":["https:\/\/smarttrader.pro\/wp-content\/uploads\/2025\/05\/3-Pica.png",212,300,false],"medium_large":["https:\/\/smarttrader.pro\/wp-content\/uploads\/2025\/05\/3-Pica.png",724,1024,false],"large":["https:\/\/smarttrader.pro\/wp-content\/uploads\/2025\/05\/3-Pica.png",724,1024,false],"1536x1536":["https:\/\/smarttrader.pro\/wp-content\/uploads\/2025\/05\/3-Pica.png",724,1024,false],"2048x2048":["https:\/\/smarttrader.pro\/wp-content\/uploads\/2025\/05\/3-Pica.png",724,1024,false],"woocommerce_archive_thumbnail":["https:\/\/smarttrader.pro\/wp-content\/uploads\/2025\/05\/3-Pica.png",724,1024,false],"woocommerce_thumbnail":["https:\/\/smarttrader.pro\/wp-content\/uploads\/2025\/05\/3-Pica-300x300.png",300,300,true],"woocommerce_single":["https:\/\/smarttrader.pro\/wp-content\/uploads\/2025\/05\/3-Pica.png",600,849,false],"woocommerce_gallery_thumbnail":["https:\/\/smarttrader.pro\/wp-content\/uploads\/2025\/05\/3-Pica-100x100.png",100,100,true]},"uagb_author_info":{"display_name":"deyanira_cazarez","author_link":"https:\/\/smarttrader.pro\/?author=0"},"uagb_comment_info":0,"uagb_excerpt":"\u00bfEst\u00e1s list@ para llevar tu carrera al siguiente nivel?","_links":{"self":[{"href":"https:\/\/smarttrader.pro\/index.php?rest_route=\/wp\/v2\/product\/1939","targetHints":{"allow":["GET"]}}],"collection":[{"href":"https:\/\/smarttrader.pro\/index.php?rest_route=\/wp\/v2\/product"}],"about":[{"href":"https:\/\/smarttrader.pro\/index.php?rest_route=\/wp\/v2\/types\/product"}],"replies":[{"embeddable":true,"href":"https:\/\/smarttrader.pro\/index.php?rest_route=%2Fwp%2Fv2%2Fcomments&post=1939"}],"wp:featuredmedia":[{"embeddable":true,"href":"https:\/\/smarttrader.pro\/index.php?rest_route=\/wp\/v2\/media\/2960"}],"wp:attachment":[{"href":"https:\/\/smarttrader.pro\/index.php?rest_route=%2Fwp%2Fv2%2Fmedia&parent=1939"}],"wp:term":[{"taxonomy":"product_brand","embeddable":true,"href":"https:\/\/smarttrader.pro\/index.php?rest_route=%2Fwp%2Fv2%2Fproduct_brand&post=1939"},{"taxonomy":"product_cat","embeddable":true,"href":"https:\/\/smarttrader.pro\/index.php?rest_route=%2Fwp%2Fv2%2Fproduct_cat&post=1939"},{"taxonomy":"product_tag","embeddable":true,"href":"https:\/\/smarttrader.pro\/index.php?rest_route=%2Fwp%2Fv2%2Fproduct_tag&post=1939"}],"curies":[{"name":"wp","href":"https:\/\/api.w.org\/{rel}","templated":true}]}}