{"id":2516,"date":"2025-07-27T05:33:13","date_gmt":"2025-07-27T05:33:13","guid":{"rendered":"https:\/\/smarttrader.pro\/?page_id=2516"},"modified":"2025-08-05T23:10:05","modified_gmt":"2025-08-05T23:10:05","slug":"blog-principal","status":"publish","type":"page","link":"https:\/\/smarttrader.pro\/?page_id=2516","title":{"rendered":"Blog Principal"},"content":{"rendered":"\t\t<div data-elementor-type=\"wp-page\" data-elementor-id=\"2516\" class=\"elementor elementor-2516\">\n\t\t\t\t<div class=\"elementor-element elementor-element-bd9d22c e-con-full e-flex wpr-particle-no wpr-jarallax-no wpr-parallax-no wpr-sticky-section-no e-con e-parent\" data-id=\"bd9d22c\" data-element_type=\"container\" data-e-type=\"container\" data-settings=\"{&quot;background_background&quot;:&quot;classic&quot;,&quot;shape_divider_bottom&quot;:&quot;pyramids&quot;}\">\n\t\t\t\t<div class=\"elementor-shape elementor-shape-bottom\" aria-hidden=\"true\" data-negative=\"false\">\n\t\t\t<svg xmlns=\"http:\/\/www.w3.org\/2000\/svg\" viewBox=\"0 0 1000 100\" preserveAspectRatio=\"none\">\n\t<path class=\"elementor-shape-fill\" d=\"M761.9,44.1L643.1,27.2L333.8,98L0,3.8V0l1000,0v3.9\"\/>\n<\/svg>\t\t<\/div>\n\t\t<div class=\"elementor-element elementor-element-3a8271f e-flex e-con-boxed wpr-particle-no wpr-jarallax-no wpr-parallax-no wpr-sticky-section-no elementor-invisible e-con e-child\" data-id=\"3a8271f\" data-element_type=\"container\" data-e-type=\"container\" data-settings=\"{&quot;animation&quot;:&quot;zoomIn&quot;,&quot;animation_mobile&quot;:&quot;none&quot;}\">\n\t\t\t\t\t<div class=\"e-con-inner\">\n\t\t\t\t<div class=\"elementor-element elementor-element-7d78972 elementor-widget elementor-widget-heading\" data-id=\"7d78972\" data-element_type=\"widget\" data-e-type=\"widget\" data-widget_type=\"heading.default\">\n\t\t\t\t\t<h1 class=\"elementor-heading-title elementor-size-default\">Blog y Art\u00edculos <\/h1>\t\t\t\t<\/div>\n\t\t\t\t<div class=\"elementor-element elementor-element-4b85fec elementor-widget elementor-widget-text-editor\" data-id=\"4b85fec\" data-element_type=\"widget\" data-e-type=\"widget\" data-widget_type=\"text-editor.default\">\n\t\t\t\t\t\t\t\t\t<p data-start=\"255\" data-end=\"593\">Explora nuestros art\u00edculos y descubre contenido exclusivo sobre <strong data-start=\"319\" data-end=\"344\">trading institucional<\/strong>, <strong data-start=\"346\" data-end=\"371\">estrategias rentables<\/strong>, <strong data-start=\"373\" data-end=\"399\">psicolog\u00eda del mercado<\/strong>, <strong data-start=\"401\" data-end=\"421\">an\u00e1lisis t\u00e9cnico<\/strong>, y <strong data-start=\"425\" data-end=\"442\">criptoactivos<\/strong>. Publicamos informaci\u00f3n pr\u00e1ctica y actualizada para ayudarte a tomar decisiones m\u00e1s inteligentes y mejorar tu rendimiento en los mercados financieros.<\/p>\t\t\t\t\t\t\t\t<\/div>\n\t\t\t\t\t<\/div>\n\t\t\t\t<\/div>\n\t\t\t\t<\/div>\n\t\t\t\t<section class=\"elementor-section elementor-top-section elementor-element elementor-element-526bf7990 elementor-section-boxed elementor-section-height-default elementor-section-height-default wpr-particle-no wpr-jarallax-no wpr-parallax-no wpr-sticky-section-no\" data-id=\"526bf7990\" data-element_type=\"section\" data-e-type=\"section\">\n\t\t\t\t\t\t<div class=\"elementor-container elementor-column-gap-default\">\n\t\t\t\t\t<div class=\"elementor-column elementor-col-100 elementor-top-column elementor-element elementor-element-2ea9d71a\" data-id=\"2ea9d71a\" data-element_type=\"column\" data-e-type=\"column\">\n\t\t\t<div class=\"elementor-widget-wrap elementor-element-populated\">\n\t\t\t\t\t\t<div class=\"elementor-element elementor-element-35e4a4b6 wpr-grid-columns-3 wpr-grid-columns--tablet2 wpr-grid-columns--mobile1 wpr-grid-pagination-center wpr-item-styles-inner elementor-widget elementor-widget-wpr-grid\" data-id=\"35e4a4b6\" data-element_type=\"widget\" data-e-type=\"widget\" data-widget_type=\"wpr-grid.default\">\n\t\t\t\t\t<ul class=\"wpr-grid-filters elementor-clearfix wpr-grid-filters-sep-right\"><li class=\" wpr-pointer-none wpr-pointer-line-fx wpr-pointer-fx-none\"><span  data-filter=\"*\" class=\"wpr-grid-filters-item wpr-active-filter \">All Projects<\/span><em class=\"wpr-grid-filters-sep\"><\/em><\/li><li class=\" wpr-pointer-none wpr-pointer-line-fx wpr-pointer-fx-none\"><span   data-ajax-filter=[\"category\",\"blog\"]  data-filter=\".category-blog\">Blog<\/span><em class=\"wpr-grid-filters-sep\"><\/em><\/li><\/ul><section class=\"wpr-grid elementor-clearfix\" data-settings=\"{&quot;layout&quot;:&quot;fitRows&quot;,&quot;stick_last_element_to_bottom&quot;:&quot;&quot;,&quot;columns_desktop&quot;:&quot;3&quot;,&quot;gutter_hr&quot;:15,&quot;gutter_hr_mobile&quot;:15,&quot;gutter_hr_mobile_extra&quot;:15,&quot;gutter_hr_tablet&quot;:15,&quot;gutter_hr_tablet_extra&quot;:15,&quot;gutter_hr_laptop&quot;:15,&quot;gutter_hr_widescreen&quot;:15,&quot;gutter_vr&quot;:15,&quot;gutter_vr_mobile&quot;:15,&quot;gutter_vr_mobile_extra&quot;:15,&quot;gutter_vr_tablet&quot;:15,&quot;gutter_vr_tablet_extra&quot;:15,&quot;gutter_vr_laptop&quot;:15,&quot;gutter_vr_widescreen&quot;:15,&quot;animation&quot;:&quot;default&quot;,&quot;animation_duration&quot;:0.3,&quot;animation_delay&quot;:0.1,&quot;deeplinking&quot;:&quot;&quot;,&quot;filters_linkable&quot;:&quot;no&quot;,&quot;filters_default_filter&quot;:&quot;&quot;,&quot;filters_count&quot;:&quot;&quot;,&quot;filters_hide_empty&quot;:&quot;yes&quot;,&quot;filters_animation&quot;:&quot;default&quot;,&quot;filters_animation_duration&quot;:0.5,&quot;filters_animation_delay&quot;:0.1,&quot;pagination_type&quot;:&quot;load-more&quot;,&quot;pagination_max_pages&quot;:1,&quot;lightbox&quot;:{&quot;selector&quot;:&quot;.wpr-grid-image-wrap&quot;,&quot;iframeMaxWidth&quot;:&quot;60%&quot;,&quot;hash&quot;:false,&quot;autoplay&quot;:&quot;true&quot;,&quot;pause&quot;:5000,&quot;progressBar&quot;:&quot;true&quot;,&quot;counter&quot;:&quot;true&quot;,&quot;controls&quot;:&quot;true&quot;,&quot;getCaptionFromTitleOrAlt&quot;:&quot;true&quot;,&quot;thumbnail&quot;:&quot;&quot;,&quot;showThumbByDefault&quot;:&quot;&quot;,&quot;share&quot;:&quot;&quot;,&quot;zoom&quot;:&quot;true&quot;,&quot;fullScreen&quot;:&quot;true&quot;,&quot;download&quot;:&quot;true&quot;}}\" data-advanced-filters=\"no\"><article class=\"wpr-grid-item elementor-clearfix post-1988 post type-post status-publish format-standard has-post-thumbnail hentry category-blog\"><div class=\"wpr-grid-item-inner\"><div class=\"wpr-grid-media-wrap wpr-effect-size-medium \" data-overlay-link=\"yes\"><div class=\"wpr-grid-image-wrap\" data-src=\"https:\/\/smarttrader.pro\/wp-content\/uploads\/elementor\/thumbs\/4-r9fg02jz7cd4bwh7ddmv55bu5p32qqinv6c0otufqs.png\" data-img-on-hover=\"\"  data-src-secondary=\"\"><img decoding=\"async\" data-no-lazy=\"1\" src=\"https:\/\/smarttrader.pro\/wp-content\/uploads\/elementor\/thumbs\/4-r9fg02jz7cd4bwh7ddmv55bu5p32qqinv6c0otufqs.png\" alt=\"\u00bfCu\u00e1l es la emoci\u00f3n m\u00e1s peligrosa para los traders?\" class=\"wpr-anim-timing-ease-default\"><\/div><div class=\"wpr-grid-media-hover wpr-animation-wrap\"><div class=\"wpr-grid-media-hover-bg  wpr-overlay-fade-in wpr-anim-size-large wpr-anim-timing-ease-default wpr-anim-transparency\" data-url=\"https:\/\/smarttrader.pro\/?p=1988\"><\/div><div class=\"wpr-cv-container\"><div class=\"wpr-cv-outer\"><div class=\"wpr-cv-inner\"><div class=\"wpr-grid-media-hover-middle elementor-clearfix\"><div class=\"wpr-grid-item-lightbox elementor-repeater-item-bc6ddf2 wpr-grid-item-display-block wpr-grid-item-align-center wpr-element-fade-in wpr-anim-size-large wpr-anim-timing-ease-default wpr-anim-transparency\"><div class=\"inner-block\"><span data-src=\"https:\/\/smarttrader.pro\/wp-content\/uploads\/2025\/07\/4.png\"><i class=\"fas fa-search\"><\/i><\/span><div class=\"wpr-grid-lightbox-overlay\"><\/div><\/div><\/div><\/div><\/div><\/div><\/div><\/div><\/div><div class=\"wpr-grid-item-below-content elementor-clearfix\"><h2 class=\"wpr-grid-item-title elementor-repeater-item-83c0ab6 wpr-grid-item-display-block wpr-grid-item-align-left wpr-pointer-none wpr-pointer-line-fx wpr-pointer-fx-fade\"><div class=\"inner-block\"><a target=\"_self\"  href=\"https:\/\/smarttrader.pro\/?p=1988\">\u00bfCu\u00e1l es la emoci\u00f3n m\u00e1s peligrosa para los traders?<\/a><\/div><\/h2><div class=\"wpr-grid-item-category elementor-repeater-item-deefd3e wpr-grid-item-display-block wpr-grid-item-align-left wpr-pointer-none wpr-pointer-line-fx wpr-pointer-fx-fade wpr-grid-tax-style-1\"><div class=\"inner-block\"><a class=\" wpr-tax-id-1\" href=\"https:\/\/smarttrader.pro\/?cat=1\">Blog<\/a><\/div><\/div><\/div><\/div><\/article><article class=\"wpr-grid-item elementor-clearfix post-579 post type-post status-publish format-standard has-post-thumbnail hentry category-blog\"><div class=\"wpr-grid-item-inner\"><div class=\"wpr-grid-media-wrap wpr-effect-size-medium \" data-overlay-link=\"yes\"><div class=\"wpr-grid-image-wrap\" data-src=\"https:\/\/smarttrader.pro\/wp-content\/uploads\/elementor\/thumbs\/1-r9ffvkvqju7suz01lfr18a4jzf7xysotwy4i58i5h0.png\" data-img-on-hover=\"\"  data-src-secondary=\"\"><img decoding=\"async\" data-no-lazy=\"1\" src=\"https:\/\/smarttrader.pro\/wp-content\/uploads\/elementor\/thumbs\/1-r9ffvkvqju7suz01lfr18a4jzf7xysotwy4i58i5h0.png\" alt=\"\u00bfQu\u00e9 es el Trading con Cuentas Capitalizadas y Por Qu\u00e9 Est\u00e1 Revolucionando el Mercado?\" class=\"wpr-anim-timing-ease-default\"><\/div><div class=\"wpr-grid-media-hover wpr-animation-wrap\"><div class=\"wpr-grid-media-hover-bg  wpr-overlay-fade-in wpr-anim-size-large wpr-anim-timing-ease-default wpr-anim-transparency\" data-url=\"https:\/\/smarttrader.pro\/?p=579\"><\/div><div class=\"wpr-cv-container\"><div class=\"wpr-cv-outer\"><div class=\"wpr-cv-inner\"><div class=\"wpr-grid-media-hover-middle elementor-clearfix\"><div class=\"wpr-grid-item-lightbox elementor-repeater-item-bc6ddf2 wpr-grid-item-display-block wpr-grid-item-align-center wpr-element-fade-in wpr-anim-size-large wpr-anim-timing-ease-default wpr-anim-transparency\"><div class=\"inner-block\"><span data-src=\"https:\/\/smarttrader.pro\/wp-content\/uploads\/2025\/07\/1.png\"><i class=\"fas fa-search\"><\/i><\/span><div class=\"wpr-grid-lightbox-overlay\"><\/div><\/div><\/div><\/div><\/div><\/div><\/div><\/div><\/div><div class=\"wpr-grid-item-below-content elementor-clearfix\"><h2 class=\"wpr-grid-item-title elementor-repeater-item-83c0ab6 wpr-grid-item-display-block wpr-grid-item-align-left wpr-pointer-none wpr-pointer-line-fx wpr-pointer-fx-fade\"><div class=\"inner-block\"><a target=\"_self\"  href=\"https:\/\/smarttrader.pro\/?p=579\">\u00bfQu\u00e9 es el Trading con Cuentas Capitalizadas y Por Qu\u00e9 Est\u00e1 Revolucionando el Mercado?<\/a><\/div><\/h2><div class=\"wpr-grid-item-category elementor-repeater-item-deefd3e wpr-grid-item-display-block wpr-grid-item-align-left wpr-pointer-none wpr-pointer-line-fx wpr-pointer-fx-fade wpr-grid-tax-style-1\"><div class=\"inner-block\"><a class=\" wpr-tax-id-1\" href=\"https:\/\/smarttrader.pro\/?cat=1\">Blog<\/a><\/div><\/div><\/div><\/div><\/article><article class=\"wpr-grid-item elementor-clearfix post-569 post type-post status-publish format-standard has-post-thumbnail hentry category-blog\"><div class=\"wpr-grid-item-inner\"><div class=\"wpr-grid-media-wrap wpr-effect-size-medium \" data-overlay-link=\"yes\"><div class=\"wpr-grid-image-wrap\" data-src=\"https:\/\/smarttrader.pro\/wp-content\/uploads\/elementor\/thumbs\/2-r9ffw4mcjcytms7de6a76n58giingfv6zntp81ovuc.png\" data-img-on-hover=\"\"  data-src-secondary=\"\"><img decoding=\"async\" data-no-lazy=\"1\" src=\"https:\/\/smarttrader.pro\/wp-content\/uploads\/elementor\/thumbs\/2-r9ffw4mcjcytms7de6a76n58giingfv6zntp81ovuc.png\" alt=\"Forex vs Criptomonedas: \u00bfEn Qu\u00e9 Mercado Deber\u00edas Enfocar Tu Energ\u00eda?\" class=\"wpr-anim-timing-ease-default\"><\/div><div class=\"wpr-grid-media-hover wpr-animation-wrap\"><div class=\"wpr-grid-media-hover-bg  wpr-overlay-fade-in wpr-anim-size-large wpr-anim-timing-ease-default wpr-anim-transparency\" data-url=\"https:\/\/smarttrader.pro\/?p=569\"><\/div><div class=\"wpr-cv-container\"><div class=\"wpr-cv-outer\"><div class=\"wpr-cv-inner\"><div class=\"wpr-grid-media-hover-middle elementor-clearfix\"><div class=\"wpr-grid-item-lightbox elementor-repeater-item-bc6ddf2 wpr-grid-item-display-block wpr-grid-item-align-center wpr-element-fade-in wpr-anim-size-large wpr-anim-timing-ease-default wpr-anim-transparency\"><div class=\"inner-block\"><span data-src=\"https:\/\/smarttrader.pro\/wp-content\/uploads\/2025\/07\/2.png\"><i class=\"fas fa-search\"><\/i><\/span><div class=\"wpr-grid-lightbox-overlay\"><\/div><\/div><\/div><\/div><\/div><\/div><\/div><\/div><\/div><div class=\"wpr-grid-item-below-content elementor-clearfix\"><h2 class=\"wpr-grid-item-title elementor-repeater-item-83c0ab6 wpr-grid-item-display-block wpr-grid-item-align-left wpr-pointer-none wpr-pointer-line-fx wpr-pointer-fx-fade\"><div class=\"inner-block\"><a target=\"_self\"  href=\"https:\/\/smarttrader.pro\/?p=569\">Forex vs Criptomonedas: \u00bfEn Qu\u00e9 Mercado Deber\u00edas Enfocar Tu Energ\u00eda?<\/a><\/div><\/h2><div class=\"wpr-grid-item-category elementor-repeater-item-deefd3e wpr-grid-item-display-block wpr-grid-item-align-left wpr-pointer-none wpr-pointer-line-fx wpr-pointer-fx-fade wpr-grid-tax-style-1\"><div class=\"inner-block\"><a class=\" wpr-tax-id-1\" href=\"https:\/\/smarttrader.pro\/?cat=1\">Blog<\/a><\/div><\/div><\/div><\/div><\/article><article class=\"wpr-grid-item elementor-clearfix post-553 post type-post status-publish format-standard has-post-thumbnail hentry category-blog\"><div class=\"wpr-grid-item-inner\"><div class=\"wpr-grid-media-wrap wpr-effect-size-medium \" data-overlay-link=\"yes\"><div class=\"wpr-grid-image-wrap\" data-src=\"https:\/\/smarttrader.pro\/wp-content\/uploads\/elementor\/thumbs\/chat2-r9hdnwwbdjeuabp2bwoa4sw6rq8wezhazufwetfwok.png\" data-img-on-hover=\"\"  data-src-secondary=\"\"><img decoding=\"async\" data-no-lazy=\"1\" src=\"https:\/\/smarttrader.pro\/wp-content\/uploads\/elementor\/thumbs\/chat2-r9hdnwwbdjeuabp2bwoa4sw6rq8wezhazufwetfwok.png\" alt=\"Claves del An\u00e1lisis OnChain: \u00bfC\u00f3mo Interpretar el Comportamiento de las Criptomonedas desde Dentro?\" class=\"wpr-anim-timing-ease-default\"><\/div><div class=\"wpr-grid-media-hover wpr-animation-wrap\"><div class=\"wpr-grid-media-hover-bg  wpr-overlay-fade-in wpr-anim-size-large wpr-anim-timing-ease-default wpr-anim-transparency\" data-url=\"https:\/\/smarttrader.pro\/?p=553\"><\/div><div class=\"wpr-cv-container\"><div class=\"wpr-cv-outer\"><div class=\"wpr-cv-inner\"><div class=\"wpr-grid-media-hover-middle elementor-clearfix\"><div class=\"wpr-grid-item-lightbox elementor-repeater-item-bc6ddf2 wpr-grid-item-display-block wpr-grid-item-align-center wpr-element-fade-in wpr-anim-size-large wpr-anim-timing-ease-default wpr-anim-transparency\"><div class=\"inner-block\"><span data-src=\"https:\/\/smarttrader.pro\/wp-content\/uploads\/2025\/05\/chat2.png\"><i class=\"fas fa-search\"><\/i><\/span><div class=\"wpr-grid-lightbox-overlay\"><\/div><\/div><\/div><\/div><\/div><\/div><\/div><\/div><\/div><div class=\"wpr-grid-item-below-content elementor-clearfix\"><h2 class=\"wpr-grid-item-title elementor-repeater-item-83c0ab6 wpr-grid-item-display-block wpr-grid-item-align-left wpr-pointer-none wpr-pointer-line-fx wpr-pointer-fx-fade\"><div class=\"inner-block\"><a target=\"_self\"  href=\"https:\/\/smarttrader.pro\/?p=553\">Claves del An\u00e1lisis OnChain: \u00bfC\u00f3mo Interpretar el Comportamiento de las Criptomonedas desde Dentro?<\/a><\/div><\/h2><div class=\"wpr-grid-item-category elementor-repeater-item-deefd3e wpr-grid-item-display-block wpr-grid-item-align-left wpr-pointer-none wpr-pointer-line-fx wpr-pointer-fx-fade wpr-grid-tax-style-1\"><div class=\"inner-block\"><a class=\" wpr-tax-id-1\" href=\"https:\/\/smarttrader.pro\/?cat=1\">Blog<\/a><\/div><\/div><\/div><\/div><\/article><\/section>\t\t\t\t<\/div>\n\t\t\t\t\t<\/div>\n\t\t<\/div>\n\t\t\t\t\t<\/div>\n\t\t<\/section>\n\t\t\t\t<\/div>\n\t\t","protected":false},"excerpt":{"rendered":"<p>Blog y Art\u00edculos Explora nuestros art\u00edculos y descubre contenido exclusivo sobre trading institucional, estrategias rentables, psicolog\u00eda del mercado, an\u00e1lisis t\u00e9cnico, y criptoactivos. Publicamos informaci\u00f3n pr\u00e1ctica y actualizada para ayudarte a tomar decisiones m\u00e1s inteligentes y mejorar tu rendimiento en los mercados financieros. All Projects Blog \u00bfCu\u00e1l es la emoci\u00f3n m\u00e1s peligrosa para los traders? Blog \u00bfQu\u00e9 es el Trading con Cuentas Capitalizadas y Por Qu\u00e9 Est\u00e1 Revolucionando el Mercado? Blog Forex vs Criptomonedas: \u00bfEn Qu\u00e9 Mercado Deber\u00edas Enfocar Tu Energ\u00eda? Blog Claves del An\u00e1lisis OnChain: \u00bfC\u00f3mo Interpretar el Comportamiento de las Criptomonedas desde Dentro? Blog<\/p>\n","protected":false},"author":1,"featured_media":0,"parent":0,"menu_order":0,"comment_status":"closed","ping_status":"closed","template":"","meta":{"_acf_changed":false,"_uag_custom_page_level_css":"","footnotes":""},"class_list":["post-2516","page","type-page","status-publish","hentry"],"blocksy_meta":{"has_hero_section":"disabled","vertical_spacing_source":"custom","content_area_spacing":"none","styles_descriptor":{"styles":{"desktop":"","tablet":"","mobile":""},"google_fonts":[],"version":6}},"acf":[],"uagb_featured_image_src":{"full":false,"thumbnail":false,"medium":false,"medium_large":false,"large":false,"1536x1536":false,"2048x2048":false,"woocommerce_archive_thumbnail":false,"woocommerce_thumbnail":false,"woocommerce_single":false,"woocommerce_gallery_thumbnail":false},"uagb_author_info":{"display_name":"deyanira_cazarez","author_link":"https:\/\/smarttrader.pro\/?author=1"},"uagb_comment_info":0,"uagb_excerpt":"Blog y Art\u00edculos Explora nuestros art\u00edculos y descubre contenido exclusivo sobre trading institucional, estrategias rentables, psicolog\u00eda del mercado, an\u00e1lisis t\u00e9cnico, y criptoactivos. Publicamos informaci\u00f3n pr\u00e1ctica y actualizada para ayudarte a tomar decisiones m\u00e1s inteligentes y mejorar tu rendimiento en los mercados financieros. All Projects Blog \u00bfCu\u00e1l es la emoci\u00f3n m\u00e1s peligrosa para los traders? Blog&hellip;","_links":{"self":[{"href":"https:\/\/smarttrader.pro\/index.php?rest_route=\/wp\/v2\/pages\/2516","targetHints":{"allow":["GET"]}}],"collection":[{"href":"https:\/\/smarttrader.pro\/index.php?rest_route=\/wp\/v2\/pages"}],"about":[{"href":"https:\/\/smarttrader.pro\/index.php?rest_route=\/wp\/v2\/types\/page"}],"author":[{"embeddable":true,"href":"https:\/\/smarttrader.pro\/index.php?rest_route=\/wp\/v2\/users\/1"}],"replies":[{"embeddable":true,"href":"https:\/\/smarttrader.pro\/index.php?rest_route=%2Fwp%2Fv2%2Fcomments&post=2516"}],"version-history":[{"count":20,"href":"https:\/\/smarttrader.pro\/index.php?rest_route=\/wp\/v2\/pages\/2516\/revisions"}],"predecessor-version":[{"id":2972,"href":"https:\/\/smarttrader.pro\/index.php?rest_route=\/wp\/v2\/pages\/2516\/revisions\/2972"}],"wp:attachment":[{"href":"https:\/\/smarttrader.pro\/index.php?rest_route=%2Fwp%2Fv2%2Fmedia&parent=2516"}],"curies":[{"name":"wp","href":"https:\/\/api.w.org\/{rel}","templated":true}]}}